{"id":94,"date":"2012-04-03T18:50:35","date_gmt":"2012-04-03T18:50:35","guid":{"rendered":"http:\/\/www.sirius-werft.de\/RFT\/?page_id=94"},"modified":"2012-04-23T20:30:42","modified_gmt":"2012-04-23T20:30:42","slug":"roflexs","status":"publish","type":"page","link":"http:\/\/www.roflexs-fahrteam.de\/?page_id=94","title":{"rendered":"Roflexs"},"content":{"rendered":"<p><a href=\"http:\/\/www.roflexs-fahrteam.de\/wp-content\/uploads\/2012\/04\/RoFlexs_Premium_3D.jpg\"><img loading=\"lazy\" decoding=\"async\" class=\"aligncenter size-medium wp-image-249\" title=\"RoFlexs Premium\" src=\"http:\/\/www.roflexs-fahrteam.de\/wp-content\/uploads\/2012\/04\/RoFlexs_Premium_3D-300x225.jpg\" alt=\"\" width=\"300\" height=\"225\" srcset=\"http:\/\/www.roflexs-fahrteam.de\/wp-content\/uploads\/2012\/04\/RoFlexs_Premium_3D-300x225.jpg 300w, http:\/\/www.roflexs-fahrteam.de\/wp-content\/uploads\/2012\/04\/RoFlexs_Premium_3D-1024x768.jpg 1024w, http:\/\/www.roflexs-fahrteam.de\/wp-content\/uploads\/2012\/04\/RoFlexs_Premium_3D-400x300.jpg 400w, http:\/\/www.roflexs-fahrteam.de\/wp-content\/uploads\/2012\/04\/RoFlexs_Premium_3D.jpg 1200w\" sizes=\"(max-width: 300px) 100vw, 300px\" \/><\/a><\/p>\n<p>Roflexs &#8211; Die weltweit einzigartigen mobilen Pferdez\u00e4une<\/p>\n<p>Ob unterwegs als mobile Einz\u00e4unung, oder innerhalb der heimischen Weide z. Bsp. als Therapie-Paddock. Mit dem patentierten Roflexs-System geh\u00f6ren zeitintensives Kurbeln, Wickeln und Entwirren von Zaunb\u00e4ndern endlich der Vergangenheit an.<\/p>\n<p>Dar\u00fcber hinaus bietet das Roflexs-System, dank seiner zahlreichen Sicherheitsmerkmale, auch unterwegs gr\u00f6\u00dfstm\u00f6glichen Schutz f\u00fcr Pferd und Reiter. \u00dcberzeugen Sie sich selbst von der einzigartigen Funktionsweise und freuen Sie sich mit Roflexs auf den einfachsten und schnellsten Paddockbau aller Zeiten.<\/p>\n<p>Eine Anschaffung fast f\u00fcr die Ewigkeit &#8211; Qualit\u00e4t &#8222;Made in Germany&#8220;<\/p>\n<p>Ihr Roflexs-Team<\/p>\n<p><a href=\"http:\/\/www.roflexs.com\">www.roflexs.com<\/a><\/p>\n","protected":false},"excerpt":{"rendered":"<p>Roflexs &#8211; Die weltweit einzigartigen mobilen Pferdez\u00e4une Ob unterwegs als mobile Einz\u00e4unung, oder innerhalb der heimischen Weide z. Bsp. als Therapie-Paddock. Mit dem patentierten Roflexs-System geh\u00f6ren zeitintensives Kurbeln, Wickeln und Entwirren von Zaunb\u00e4ndern endlich der Vergangenheit an. Dar\u00fcber hinaus bietet &hellip; <a href=\"http:\/\/www.roflexs-fahrteam.de\/?page_id=94\">Weiterlesen <span class=\"meta-nav\">&rarr;<\/span><\/a><\/p>\n","protected":false},"author":1,"featured_media":0,"parent":0,"menu_order":0,"comment_status":"closed","ping_status":"closed","template":"","meta":{"footnotes":""},"_links":{"self":[{"href":"http:\/\/www.roflexs-fahrteam.de\/index.php?rest_route=\/wp\/v2\/pages\/94"}],"collection":[{"href":"http:\/\/www.roflexs-fahrteam.de\/index.php?rest_route=\/wp\/v2\/pages"}],"about":[{"href":"http:\/\/www.roflexs-fahrteam.de\/index.php?rest_route=\/wp\/v2\/types\/page"}],"author":[{"embeddable":true,"href":"http:\/\/www.roflexs-fahrteam.de\/index.php?rest_route=\/wp\/v2\/users\/1"}],"replies":[{"embeddable":true,"href":"http:\/\/www.roflexs-fahrteam.de\/index.php?rest_route=%2Fwp%2Fv2%2Fcomments&post=94"}],"version-history":[{"count":7,"href":"http:\/\/www.roflexs-fahrteam.de\/index.php?rest_route=\/wp\/v2\/pages\/94\/revisions"}],"predecessor-version":[{"id":247,"href":"http:\/\/www.roflexs-fahrteam.de\/index.php?rest_route=\/wp\/v2\/pages\/94\/revisions\/247"}],"wp:attachment":[{"href":"http:\/\/www.roflexs-fahrteam.de\/index.php?rest_route=%2Fwp%2Fv2%2Fmedia&parent=94"}],"curies":[{"name":"wp","href":"https:\/\/api.w.org\/{rel}","templated":true}]}}