{"id":52,"date":"2012-03-31T21:04:22","date_gmt":"2012-03-31T21:04:22","guid":{"rendered":"http:\/\/www.sirius-werft.de\/RFT\/?page_id=52"},"modified":"2016-09-22T19:54:03","modified_gmt":"2016-09-22T19:54:03","slug":"yvonne-oos","status":"publish","type":"page","link":"http:\/\/www.roflexs-fahrteam.de\/?page_id=52","title":{"rendered":"Yvonne Oos"},"content":{"rendered":"<h6>Yvonne ist wohl die beste Beifahrerin, die man sich w\u00fcnschen kann!<\/h6>\n<h6><\/h6>\n<h6>In unserem Team ist sie f\u00fcr alle typischen &#8222;Frauenarbeiten&#8220; zust\u00e4ndig. Zu diesen T\u00e4tigkeiten z\u00e4hlt der gesamte Haushalt samt Verpflegung auf den Turnieren, sowie Beifahrer und Trainerfunktion in den Trainings und in allen Pr\u00fcfungen und vor allem eine gute Freundin.Ich glaube, es vergeht kein Treffen zwischen uns, an dem wir nicht einmal so lachen, dass unsere Augen tr\u00e4nen.<\/h6>\n<h6><\/h6>\n<h6>Kennengelernt haben wir uns 2007 in einem Reitstall. Sie half dort bei der Stallarbeit und ritt dort einmal die Woche. Irgendwie gefielen wir uns und bevor wir die ersten Turniere zusammen besuchten, fuhren wir zu einer gro\u00dfen Fahrsportveranstaltung und mischten uns unter die Zuschauer. Nach dem Wochenende war mehr als klar, dass wir genau das zusammen erleben wollten.<\/h6>\n<h6>So begann unser Weg&#8230;<\/h6>\n\n\t\t<style type=\"text\/css\">\n\t\t\t#gallery-1 {\n\t\t\t\tmargin: auto;\n\t\t\t}\n\t\t\t#gallery-1 .gallery-item {\n\t\t\t\tfloat: left;\n\t\t\t\tmargin-top: 10px;\n\t\t\t\ttext-align: center;\n\t\t\t\twidth: 25%;\n\t\t\t}\n\t\t\t#gallery-1 img {\n\t\t\t\tborder: 2px solid #cfcfcf;\n\t\t\t}\n\t\t\t#gallery-1 .gallery-caption {\n\t\t\t\tmargin-left: 0;\n\t\t\t}\n\t\t\t\/* see gallery_shortcode() in wp-includes\/media.php *\/\n\t\t<\/style>\n\t\t<div id='gallery-1' class='gallery galleryid-52 gallery-columns-4 gallery-size-thumbnail'><dl class='gallery-item'>\n\t\t\t<dt class='gallery-icon landscape'>\n\t\t\t\t<a href='http:\/\/www.roflexs-fahrteam.de\/wp-content\/uploads\/2014\/02\/DSC00079a.jpg'><img loading=\"lazy\" decoding=\"async\" width=\"150\" height=\"150\" src=\"http:\/\/www.roflexs-fahrteam.de\/wp-content\/uploads\/2014\/02\/DSC00079a-150x150.jpg\" class=\"attachment-thumbnail size-thumbnail\" alt=\"\" \/><\/a>\n\t\t\t<\/dt><\/dl><dl class='gallery-item'>\n\t\t\t<dt class='gallery-icon landscape'>\n\t\t\t\t<a href='http:\/\/www.roflexs-fahrteam.de\/wp-content\/uploads\/2014\/02\/Hindernis-6.jpg'><img loading=\"lazy\" decoding=\"async\" width=\"150\" height=\"150\" src=\"http:\/\/www.roflexs-fahrteam.de\/wp-content\/uploads\/2014\/02\/Hindernis-6-150x150.jpg\" class=\"attachment-thumbnail size-thumbnail\" alt=\"\" \/><\/a>\n\t\t\t<\/dt><\/dl><dl class='gallery-item'>\n\t\t\t<dt class='gallery-icon portrait'>\n\t\t\t\t<a href='http:\/\/www.roflexs-fahrteam.de\/wp-content\/uploads\/2015\/01\/Yvonne-Kr\u00fcmel.jpg'><img loading=\"lazy\" decoding=\"async\" width=\"150\" height=\"150\" src=\"http:\/\/www.roflexs-fahrteam.de\/wp-content\/uploads\/2015\/01\/Yvonne-Kr\u00fcmel-150x150.jpg\" class=\"attachment-thumbnail size-thumbnail\" alt=\"\" \/><\/a>\n\t\t\t<\/dt><\/dl><dl class='gallery-item'>\n\t\t\t<dt class='gallery-icon landscape'>\n\t\t\t\t<a href='http:\/\/www.roflexs-fahrteam.de\/wp-content\/uploads\/2015\/01\/finish.jpg'><img loading=\"lazy\" decoding=\"async\" width=\"150\" height=\"150\" src=\"http:\/\/www.roflexs-fahrteam.de\/wp-content\/uploads\/2015\/01\/finish-150x150.jpg\" class=\"attachment-thumbnail size-thumbnail\" alt=\"\" \/><\/a>\n\t\t\t<\/dt><\/dl><br style=\"clear: both\" \/>\n\t\t<\/div>\n\n","protected":false},"excerpt":{"rendered":"<p>Yvonne ist wohl die beste Beifahrerin, die man sich w\u00fcnschen kann! In unserem Team ist sie f\u00fcr alle typischen &#8222;Frauenarbeiten&#8220; zust\u00e4ndig. Zu diesen T\u00e4tigkeiten z\u00e4hlt der gesamte Haushalt samt Verpflegung auf den Turnieren, sowie Beifahrer und Trainerfunktion in den Trainings &hellip; <a href=\"http:\/\/www.roflexs-fahrteam.de\/?page_id=52\">Weiterlesen <span class=\"meta-nav\">&rarr;<\/span><\/a><\/p>\n","protected":false},"author":1,"featured_media":0,"parent":15,"menu_order":0,"comment_status":"closed","ping_status":"closed","template":"","meta":{"footnotes":""},"_links":{"self":[{"href":"http:\/\/www.roflexs-fahrteam.de\/index.php?rest_route=\/wp\/v2\/pages\/52"}],"collection":[{"href":"http:\/\/www.roflexs-fahrteam.de\/index.php?rest_route=\/wp\/v2\/pages"}],"about":[{"href":"http:\/\/www.roflexs-fahrteam.de\/index.php?rest_route=\/wp\/v2\/types\/page"}],"author":[{"embeddable":true,"href":"http:\/\/www.roflexs-fahrteam.de\/index.php?rest_route=\/wp\/v2\/users\/1"}],"replies":[{"embeddable":true,"href":"http:\/\/www.roflexs-fahrteam.de\/index.php?rest_route=%2Fwp%2Fv2%2Fcomments&post=52"}],"version-history":[{"count":7,"href":"http:\/\/www.roflexs-fahrteam.de\/index.php?rest_route=\/wp\/v2\/pages\/52\/revisions"}],"predecessor-version":[{"id":1731,"href":"http:\/\/www.roflexs-fahrteam.de\/index.php?rest_route=\/wp\/v2\/pages\/52\/revisions\/1731"}],"up":[{"embeddable":true,"href":"http:\/\/www.roflexs-fahrteam.de\/index.php?rest_route=\/wp\/v2\/pages\/15"}],"wp:attachment":[{"href":"http:\/\/www.roflexs-fahrteam.de\/index.php?rest_route=%2Fwp%2Fv2%2Fmedia&parent=52"}],"curies":[{"name":"wp","href":"https:\/\/api.w.org\/{rel}","templated":true}]}}