{"id":50,"date":"2012-03-31T21:03:40","date_gmt":"2012-03-31T21:03:40","guid":{"rendered":"http:\/\/www.sirius-werft.de\/RFT\/?page_id=50"},"modified":"2017-09-18T17:44:44","modified_gmt":"2017-09-18T17:44:44","slug":"ulrike-firk","status":"publish","type":"page","link":"http:\/\/www.roflexs-fahrteam.de\/?page_id=50","title":{"rendered":"Ulrike Schmidt, geb. Firk"},"content":{"rendered":"<p style=\"text-align: center;\">Pferde waren schon immer mein Leben. Kaum, dass ich laufen konnte, sa\u00df ich auch schon auf dem Pferder\u00fccken, da mein Vater geritten hat und als es beruflich nicht mehr ging, z\u00fcchtete. Ich bin also mit Pferden aufgewachsen und so bekamen meine Schwester Regina und ich auch schon bald unser Pony Florett und sp\u00e4ter ein Pferd aus eigener Zucht zum Reiten.<a href=\"http:\/\/www.roflexs-fahrteam.de\/wp-content\/uploads\/2012\/03\/Chico-1.jpg\"><img loading=\"lazy\" decoding=\"async\" class=\"aligncenter size-medium wp-image-174\" title=\"Chico &amp; ich in einer A-Dressur\" src=\"http:\/\/www.roflexs-fahrteam.de\/wp-content\/uploads\/2012\/03\/Chico-1-300x254.jpg\" alt=\"\" width=\"300\" height=\"254\" srcset=\"http:\/\/www.roflexs-fahrteam.de\/wp-content\/uploads\/2012\/03\/Chico-1-300x254.jpg 300w, http:\/\/www.roflexs-fahrteam.de\/wp-content\/uploads\/2012\/03\/Chico-1-1024x869.jpg 1024w, http:\/\/www.roflexs-fahrteam.de\/wp-content\/uploads\/2012\/03\/Chico-1-353x300.jpg 353w, http:\/\/www.roflexs-fahrteam.de\/wp-content\/uploads\/2012\/03\/Chico-1.jpg 1131w\" sizes=\"(max-width: 300px) 100vw, 300px\" \/><\/a>Regina begeisterte sich dann irgendwann f\u00fcr den Fahrsport und so fuhr ich mit ihr hier und da mit &#8211; allerdings immer nur hinten; vorne war das mir zu unheimlich&#8230; Um im Ernstfall allerdings helfen zu k\u00f6nnen, machte ich mit 23 Jahren das Kleine Fahrabzeichen, fuhr aber nach der Pr\u00fcfung nie wieder.Zu meinem 30. Geburtstag schenkte mir mein Mann Torsten eine Kutsche, da es mit dem Reiten bei ihm nicht so klappte. Chico wurde angespannt und los ging es. Nach den ersten Ausfahrten vor der eigenen Haust\u00fcr, einer Wanderfahrt und ersten Ausfahrten, die von der Fahrergemeinschaft Schleswig-Holstein \/ Hamburg organisiert wurden, ging es ein Jahr sp\u00e4ter zu den ersten WBO Veranstaltungen. 2011 nach drei Jahren &#8222;Fahrpraxis&#8220; hatten wir dann unseren ersten Start in der Klasse M. Seit 2014 k\u00f6nnen wir erste Platzierungen in der Klasse S aufweisen.<\/p>\n<p>F\u00fcr mich z\u00e4hlt der Umgang mit dem Pferd und die Abwechslung. Nur zu Fahren w\u00e4re mir genauso zu langweilig, wie nur Dressur zu reiten, zu springen oder auszureiten. Die Mischung aus allem macht aber ungemein Spa\u00df!<\/p>\n\n\t\t<style type=\"text\/css\">\n\t\t\t#gallery-1 {\n\t\t\t\tmargin: auto;\n\t\t\t}\n\t\t\t#gallery-1 .gallery-item {\n\t\t\t\tfloat: left;\n\t\t\t\tmargin-top: 10px;\n\t\t\t\ttext-align: center;\n\t\t\t\twidth: 20%;\n\t\t\t}\n\t\t\t#gallery-1 img {\n\t\t\t\tborder: 2px solid #cfcfcf;\n\t\t\t}\n\t\t\t#gallery-1 .gallery-caption {\n\t\t\t\tmargin-left: 0;\n\t\t\t}\n\t\t\t\/* see gallery_shortcode() in wp-includes\/media.php *\/\n\t\t<\/style>\n\t\t<div id='gallery-1' class='gallery galleryid-50 gallery-columns-5 gallery-size-thumbnail'><dl class='gallery-item'>\n\t\t\t<dt class='gallery-icon landscape'>\n\t\t\t\t<a href='http:\/\/www.roflexs-fahrteam.de\/wp-content\/uploads\/2016\/02\/IMG_6840.png'><img loading=\"lazy\" decoding=\"async\" width=\"150\" height=\"150\" src=\"http:\/\/www.roflexs-fahrteam.de\/wp-content\/uploads\/2016\/02\/IMG_6840-150x150.png\" class=\"attachment-thumbnail size-thumbnail\" alt=\"\" \/><\/a>\n\t\t\t<\/dt><\/dl><dl class='gallery-item'>\n\t\t\t<dt class='gallery-icon landscape'>\n\t\t\t\t<a href='http:\/\/www.roflexs-fahrteam.de\/wp-content\/uploads\/2016\/02\/Marathon-12.jpg'><img loading=\"lazy\" decoding=\"async\" width=\"150\" height=\"150\" src=\"http:\/\/www.roflexs-fahrteam.de\/wp-content\/uploads\/2016\/02\/Marathon-12-150x150.jpg\" class=\"attachment-thumbnail size-thumbnail\" alt=\"\" \/><\/a>\n\t\t\t<\/dt><\/dl><dl class='gallery-item'>\n\t\t\t<dt class='gallery-icon portrait'>\n\t\t\t\t<a href='http:\/\/www.roflexs-fahrteam.de\/wp-content\/uploads\/2016\/02\/Pause.jpg'><img loading=\"lazy\" decoding=\"async\" width=\"150\" height=\"150\" src=\"http:\/\/www.roflexs-fahrteam.de\/wp-content\/uploads\/2016\/02\/Pause-150x150.jpg\" class=\"attachment-thumbnail size-thumbnail\" alt=\"\" \/><\/a>\n\t\t\t<\/dt><\/dl><dl class='gallery-item'>\n\t\t\t<dt class='gallery-icon landscape'>\n\t\t\t\t<a href='http:\/\/www.roflexs-fahrteam.de\/wp-content\/uploads\/2016\/02\/Dressur-31.jpg'><img loading=\"lazy\" decoding=\"async\" width=\"150\" height=\"150\" src=\"http:\/\/www.roflexs-fahrteam.de\/wp-content\/uploads\/2016\/02\/Dressur-31-150x150.jpg\" class=\"attachment-thumbnail size-thumbnail\" alt=\"\" \/><\/a>\n\t\t\t<\/dt><\/dl><dl class='gallery-item'>\n\t\t\t<dt class='gallery-icon portrait'>\n\t\t\t\t<a href='http:\/\/www.roflexs-fahrteam.de\/wp-content\/uploads\/2016\/02\/IMG_5941.png'><img loading=\"lazy\" decoding=\"async\" width=\"150\" height=\"150\" src=\"http:\/\/www.roflexs-fahrteam.de\/wp-content\/uploads\/2016\/02\/IMG_5941-150x150.png\" class=\"attachment-thumbnail size-thumbnail\" alt=\"\" \/><\/a>\n\t\t\t<\/dt><\/dl><br style=\"clear: both\" \/><dl class='gallery-item'>\n\t\t\t<dt class='gallery-icon landscape'>\n\t\t\t\t<a href='http:\/\/www.roflexs-fahrteam.de\/wp-content\/uploads\/2016\/02\/IMG_5537.png'><img loading=\"lazy\" decoding=\"async\" width=\"150\" height=\"150\" src=\"http:\/\/www.roflexs-fahrteam.de\/wp-content\/uploads\/2016\/02\/IMG_5537-150x150.png\" class=\"attachment-thumbnail size-thumbnail\" alt=\"\" \/><\/a>\n\t\t\t<\/dt><\/dl><dl class='gallery-item'>\n\t\t\t<dt class='gallery-icon landscape'>\n\t\t\t\t<a href='http:\/\/www.roflexs-fahrteam.de\/wp-content\/uploads\/2014\/02\/Liebe-Respekt-und-Vertrauen.jpg'><img loading=\"lazy\" decoding=\"async\" width=\"150\" height=\"150\" src=\"http:\/\/www.roflexs-fahrteam.de\/wp-content\/uploads\/2014\/02\/Liebe-Respekt-und-Vertrauen-150x150.jpg\" class=\"attachment-thumbnail size-thumbnail\" alt=\"\" \/><\/a>\n\t\t\t<\/dt><\/dl><dl class='gallery-item'>\n\t\t\t<dt class='gallery-icon landscape'>\n\t\t\t\t<a href='http:\/\/www.roflexs-fahrteam.de\/wp-content\/uploads\/2014\/02\/Gemeinsam-lachen-macht-Spa\u00df.jpg'><img loading=\"lazy\" decoding=\"async\" width=\"150\" height=\"150\" src=\"http:\/\/www.roflexs-fahrteam.de\/wp-content\/uploads\/2014\/02\/Gemeinsam-lachen-macht-Spa\u00df-150x150.jpg\" class=\"attachment-thumbnail size-thumbnail\" alt=\"\" \/><\/a>\n\t\t\t<\/dt><\/dl><dl class='gallery-item'>\n\t\t\t<dt class='gallery-icon landscape'>\n\t\t\t\t<a href='http:\/\/www.roflexs-fahrteam.de\/wp-content\/uploads\/2014\/02\/Nico-Galopp-2.jpg'><img loading=\"lazy\" decoding=\"async\" width=\"150\" height=\"150\" src=\"http:\/\/www.roflexs-fahrteam.de\/wp-content\/uploads\/2014\/02\/Nico-Galopp-2-150x150.jpg\" class=\"attachment-thumbnail size-thumbnail\" alt=\"\" \/><\/a>\n\t\t\t<\/dt><\/dl>\n\t\t\t<br style='clear: both' \/>\n\t\t<\/div>\n\n","protected":false},"excerpt":{"rendered":"<p>Pferde waren schon immer mein Leben. Kaum, dass ich laufen konnte, sa\u00df ich auch schon auf dem Pferder\u00fccken, da mein Vater geritten hat und als es beruflich nicht mehr ging, z\u00fcchtete. Ich bin also mit Pferden aufgewachsen und so bekamen &hellip; <a href=\"http:\/\/www.roflexs-fahrteam.de\/?page_id=50\">Weiterlesen <span class=\"meta-nav\">&rarr;<\/span><\/a><\/p>\n","protected":false},"author":1,"featured_media":0,"parent":15,"menu_order":0,"comment_status":"closed","ping_status":"closed","template":"","meta":{"footnotes":""},"_links":{"self":[{"href":"http:\/\/www.roflexs-fahrteam.de\/index.php?rest_route=\/wp\/v2\/pages\/50"}],"collection":[{"href":"http:\/\/www.roflexs-fahrteam.de\/index.php?rest_route=\/wp\/v2\/pages"}],"about":[{"href":"http:\/\/www.roflexs-fahrteam.de\/index.php?rest_route=\/wp\/v2\/types\/page"}],"author":[{"embeddable":true,"href":"http:\/\/www.roflexs-fahrteam.de\/index.php?rest_route=\/wp\/v2\/users\/1"}],"replies":[{"embeddable":true,"href":"http:\/\/www.roflexs-fahrteam.de\/index.php?rest_route=%2Fwp%2Fv2%2Fcomments&post=50"}],"version-history":[{"count":12,"href":"http:\/\/www.roflexs-fahrteam.de\/index.php?rest_route=\/wp\/v2\/pages\/50\/revisions"}],"predecessor-version":[{"id":2090,"href":"http:\/\/www.roflexs-fahrteam.de\/index.php?rest_route=\/wp\/v2\/pages\/50\/revisions\/2090"}],"up":[{"embeddable":true,"href":"http:\/\/www.roflexs-fahrteam.de\/index.php?rest_route=\/wp\/v2\/pages\/15"}],"wp:attachment":[{"href":"http:\/\/www.roflexs-fahrteam.de\/index.php?rest_route=%2Fwp%2Fv2%2Fmedia&parent=50"}],"curies":[{"name":"wp","href":"https:\/\/api.w.org\/{rel}","templated":true}]}}