{"id":2826,"date":"2019-05-20T19:32:23","date_gmt":"2019-05-20T19:32:23","guid":{"rendered":"http:\/\/www.roflexs-fahrteam.de\/?page_id=2826"},"modified":"2019-05-20T19:46:15","modified_gmt":"2019-05-20T19:46:15","slug":"nightlife-vom-lauwilberg","status":"publish","type":"page","link":"http:\/\/www.roflexs-fahrteam.de\/?page_id=2826","title":{"rendered":"Nightlife vom Lauwilberg"},"content":{"rendered":"<p>Auch Nightlife entstammt der Erfolgszucht von Michele und Martin Wenger aus dem Baseler Land.<br \/>\nHier erblickte er am 06.04.2016 das Licht der Welt.<br \/>\nSeine Mutter Luna (V: Hornet; MV: Libero) war 3-j\u00e4hrig Siegerin des Feldtests und sein Vater ist Nino F.W.(Nicolai hat den gleichen Vater).<br \/>\nPunktiert wurde er als Fohlen mit 8\/7\/8 und mein gro\u00dfes Gl\u00fcck war, dass die K\u00f6rkommission ihn im Januar nicht mit nach Glovelier nehmen wollte und er so zum Verkauf f\u00fcr mich stand.<br \/>\nAm 11.05.2019 kam er per Spediteur in einer Direktfahrt zu mir in den heimatlichen Stall und zum Herbst werde ich anfangen ihn auszubilden.<\/p>\n\n\t\t<style type=\"text\/css\">\n\t\t\t#gallery-1 {\n\t\t\t\tmargin: auto;\n\t\t\t}\n\t\t\t#gallery-1 .gallery-item {\n\t\t\t\tfloat: left;\n\t\t\t\tmargin-top: 10px;\n\t\t\t\ttext-align: center;\n\t\t\t\twidth: 20%;\n\t\t\t}\n\t\t\t#gallery-1 img {\n\t\t\t\tborder: 2px solid #cfcfcf;\n\t\t\t}\n\t\t\t#gallery-1 .gallery-caption {\n\t\t\t\tmargin-left: 0;\n\t\t\t}\n\t\t\t\/* see gallery_shortcode() in wp-includes\/media.php *\/\n\t\t<\/style>\n\t\t<div id='gallery-1' class='gallery galleryid-2826 gallery-columns-5 gallery-size-thumbnail'><dl class='gallery-item'>\n\t\t\t<dt class='gallery-icon portrait'>\n\t\t\t\t<a href='http:\/\/www.roflexs-fahrteam.de\/wp-content\/uploads\/2019\/05\/5ecfa314-7871-469e-a43b-dbd401a65b4a.jpg'><img loading=\"lazy\" decoding=\"async\" width=\"150\" height=\"150\" src=\"http:\/\/www.roflexs-fahrteam.de\/wp-content\/uploads\/2019\/05\/5ecfa314-7871-469e-a43b-dbd401a65b4a-150x150.jpg\" class=\"attachment-thumbnail size-thumbnail\" alt=\"\" aria-describedby=\"gallery-1-2844\" \/><\/a>\n\t\t\t<\/dt>\n\t\t\t\t<dd class='wp-caption-text gallery-caption' id='gallery-1-2844'>\n\t\t\t\tDa bin ich noch ganz klein\n\t\t\t\t<\/dd><\/dl><dl class='gallery-item'>\n\t\t\t<dt class='gallery-icon landscape'>\n\t\t\t\t<a href='http:\/\/www.roflexs-fahrteam.de\/wp-content\/uploads\/2019\/05\/bae9b02a-2c32-4440-920f-66c1d02e652f.jpg'><img loading=\"lazy\" decoding=\"async\" width=\"150\" height=\"150\" src=\"http:\/\/www.roflexs-fahrteam.de\/wp-content\/uploads\/2019\/05\/bae9b02a-2c32-4440-920f-66c1d02e652f-150x150.jpg\" class=\"attachment-thumbnail size-thumbnail\" alt=\"\" aria-describedby=\"gallery-1-2845\" \/><\/a>\n\t\t\t<\/dt>\n\t\t\t\t<dd class='wp-caption-text gallery-caption' id='gallery-1-2845'>\n\t\t\t\tAuf der Vork\u00f6rung im Januar 2019\n\t\t\t\t<\/dd><\/dl><dl class='gallery-item'>\n\t\t\t<dt class='gallery-icon portrait'>\n\t\t\t\t<a href='http:\/\/www.roflexs-fahrteam.de\/wp-content\/uploads\/2019\/05\/d74754c9-3013-4060-aa6d-8092176d9ed7.jpg'><img loading=\"lazy\" decoding=\"async\" width=\"150\" height=\"150\" src=\"http:\/\/www.roflexs-fahrteam.de\/wp-content\/uploads\/2019\/05\/d74754c9-3013-4060-aa6d-8092176d9ed7-150x150.jpg\" class=\"attachment-thumbnail size-thumbnail\" alt=\"\" \/><\/a>\n\t\t\t<\/dt><\/dl><dl class='gallery-item'>\n\t\t\t<dt class='gallery-icon landscape'>\n\t\t\t\t<a href='http:\/\/www.roflexs-fahrteam.de\/wp-content\/uploads\/2019\/05\/IMG_5409.jpg'><img loading=\"lazy\" decoding=\"async\" width=\"150\" height=\"150\" src=\"http:\/\/www.roflexs-fahrteam.de\/wp-content\/uploads\/2019\/05\/IMG_5409-150x150.jpg\" class=\"attachment-thumbnail size-thumbnail\" alt=\"\" aria-describedby=\"gallery-1-2847\" \/><\/a>\n\t\t\t<\/dt>\n\t\t\t\t<dd class='wp-caption-text gallery-caption' id='gallery-1-2847'>\n\t\t\t\tIch bin total verschmust\n\t\t\t\t<\/dd><\/dl><dl class='gallery-item'>\n\t\t\t<dt class='gallery-icon landscape'>\n\t\t\t\t<a href='http:\/\/www.roflexs-fahrteam.de\/wp-content\/uploads\/2019\/05\/195cbb05-3020-43ea-bd8c-adf8a61a20fd.jpg'><img loading=\"lazy\" decoding=\"async\" width=\"150\" height=\"150\" src=\"http:\/\/www.roflexs-fahrteam.de\/wp-content\/uploads\/2019\/05\/195cbb05-3020-43ea-bd8c-adf8a61a20fd-150x150.jpg\" class=\"attachment-thumbnail size-thumbnail\" alt=\"\" aria-describedby=\"gallery-1-2805\" \/><\/a>\n\t\t\t<\/dt>\n\t\t\t\t<dd class='wp-caption-text gallery-caption' id='gallery-1-2805'>\n\t\t\t\tDas erste Gras in Deutschland\n\t\t\t\t<\/dd><\/dl><br style=\"clear: both\" \/>\n\t\t<\/div>\n\n","protected":false},"excerpt":{"rendered":"<p>Auch Nightlife entstammt der Erfolgszucht von Michele und Martin Wenger aus dem Baseler Land. Hier erblickte er am 06.04.2016 das Licht der Welt. Seine Mutter Luna (V: Hornet; MV: Libero) war 3-j\u00e4hrig Siegerin des Feldtests und sein Vater ist Nino &hellip; <a href=\"http:\/\/www.roflexs-fahrteam.de\/?page_id=2826\">Weiterlesen <span class=\"meta-nav\">&rarr;<\/span><\/a><\/p>\n","protected":false},"author":1,"featured_media":0,"parent":15,"menu_order":0,"comment_status":"closed","ping_status":"closed","template":"","meta":{"footnotes":""},"_links":{"self":[{"href":"http:\/\/www.roflexs-fahrteam.de\/index.php?rest_route=\/wp\/v2\/pages\/2826"}],"collection":[{"href":"http:\/\/www.roflexs-fahrteam.de\/index.php?rest_route=\/wp\/v2\/pages"}],"about":[{"href":"http:\/\/www.roflexs-fahrteam.de\/index.php?rest_route=\/wp\/v2\/types\/page"}],"author":[{"embeddable":true,"href":"http:\/\/www.roflexs-fahrteam.de\/index.php?rest_route=\/wp\/v2\/users\/1"}],"replies":[{"embeddable":true,"href":"http:\/\/www.roflexs-fahrteam.de\/index.php?rest_route=%2Fwp%2Fv2%2Fcomments&post=2826"}],"version-history":[{"count":3,"href":"http:\/\/www.roflexs-fahrteam.de\/index.php?rest_route=\/wp\/v2\/pages\/2826\/revisions"}],"predecessor-version":[{"id":2848,"href":"http:\/\/www.roflexs-fahrteam.de\/index.php?rest_route=\/wp\/v2\/pages\/2826\/revisions\/2848"}],"up":[{"embeddable":true,"href":"http:\/\/www.roflexs-fahrteam.de\/index.php?rest_route=\/wp\/v2\/pages\/15"}],"wp:attachment":[{"href":"http:\/\/www.roflexs-fahrteam.de\/index.php?rest_route=%2Fwp%2Fv2%2Fmedia&parent=2826"}],"curies":[{"name":"wp","href":"https:\/\/api.w.org\/{rel}","templated":true}]}}