{"id":19,"date":"2012-03-30T13:01:57","date_gmt":"2012-03-30T13:01:57","guid":{"rendered":"http:\/\/www.sirius-werft.de\/RFT\/?page_id=19"},"modified":"2012-06-05T20:27:30","modified_gmt":"2012-06-05T20:27:30","slug":"der-freiberger","status":"publish","type":"page","link":"http:\/\/www.roflexs-fahrteam.de\/?page_id=19","title":{"rendered":"Der Freiberger"},"content":{"rendered":"<h6><a href=\"http:\/\/www.roflexs-fahrteam.de\/wp-content\/uploads\/2012\/03\/IMG_00003.jpg\"><img loading=\"lazy\" decoding=\"async\" class=\"aligncenter size-medium wp-image-340\" title=\"Unterschiedlicher geht es kaum - Charmeur und Nicolai beide 4-j\u00e4hrig\" src=\"http:\/\/www.roflexs-fahrteam.de\/wp-content\/uploads\/2012\/03\/IMG_00003-300x200.jpg\" alt=\"\" width=\"300\" height=\"200\" srcset=\"http:\/\/www.roflexs-fahrteam.de\/wp-content\/uploads\/2012\/03\/IMG_00003-300x200.jpg 300w, http:\/\/www.roflexs-fahrteam.de\/wp-content\/uploads\/2012\/03\/IMG_00003-449x300.jpg 449w, http:\/\/www.roflexs-fahrteam.de\/wp-content\/uploads\/2012\/03\/IMG_00003.jpg 1024w\" sizes=\"(max-width: 300px) 100vw, 300px\" \/><\/a><span style=\"color: #373737;\"><span style=\"font-family: Helvetica,serif;\"><span style=\"font-size: medium;\">Der Freiberger ist die letzte leichte Kaltblutrasse Europas und stammt urspr\u00fcnglich aus dem schweizer Jura, wo er f\u00fcr die Land- und Forstwirtschaft sowie f\u00fcr den Einsatz beim Milit\u00e4r gez\u00fcchtet wurde. <\/span><\/span><\/span><\/h6>\n<p><span style=\"color: #373737;\"><span style=\"font-family: Helvetica,serif;\"><span style=\"font-size: medium;\">Zuchtziel ist ein mittelgro\u00dfes, kompaktes Pferd mit einem Stockma\u00df zwischen 150 \u2013 160cm und ca. 550-650 kg K\u00f6rpergewicht. Der Kopf soll dabei ausdrucksvoll und edel sein und die G\u00e4nge schwungvoll und elastisch.<\/span><\/span><\/span><\/p>\n<p><a name=\"_GoBack\"><\/a> <span style=\"color: #373737;\"><span style=\"font-family: Helvetica,serif;\"><span style=\"font-size: medium;\">Wie man auf dem Foto von Nicolai und Charmeur (die beide ungef\u00e4hr gleich alt sind) sieht, varriert der K\u00f6rperbau und auch die Gr\u00f6\u00dfe ziemlich weshalb eigentlich f\u00fcr jeden das passende Pferd zu finden ist. Wir k\u00f6nnen Sie daher nur ermuntern sich auf den Weg in die Schweiz zu machen und Ihr Traumpferd zu suchen. <\/span><\/span><\/span><\/p>\n<p><span style=\"color: #373737;\"><span style=\"font-family: Helvetica,serif;\"><span style=\"font-size: medium;\">Es gibt den Freiberger <\/span><\/span><\/span><span style=\"color: #000000;\"><span style=\"font-family: Helvetica,serif;\"><span style=\"font-size: medium;\">vom schweren, urspr\u00fcnglichen Typ bis hin zum modernen, sportlichen Typ. <\/span><\/span><\/span><span style=\"color: #373737;\"><span style=\"font-family: Helvetica,serif;\"><span style=\"font-size: medium;\">Besonders wichtig ist den Schweizern jedoch ein ausgeglichener Charakter, der mit einer hohen Leistungsbereitschaft und Zuverl\u00e4ssigkeit sowie Menschenbezogenheit gepaart sein sollte.<\/span><\/span><\/span><\/p>\n<p><span style=\"color: #373737;\"><span style=\"font-family: Helvetica,serif;\"><span style=\"font-size: medium;\">Man k\u00f6nnte sagen, dass der Freiberger der \u201cLabrador\u201d der Pferde w\u00e4re, denn er m\u00f6chte gefallen und im Team mit seinem Partner arbeiten. Nat\u00fcrlich ist er hierbei sensibel und lernt somit gute wie \u201cschlechte\u201d Dinge gleichschnell.Ein fachkompetenter Umgang ist also auch bei ihm unumg\u00e4nglich. Der Freiberger macht es einem nur meist leichter.<br \/>\n<\/span><\/span><\/span><\/p>\n<p><span style=\"color: #373737;\"><span style=\"font-family: Helvetica,serif;\"><span style=\"font-size: medium;\">Der Freiberger ist ein absolutes Allround-Pferd und eignet sich sowohl als Reitpferd f\u00fcr alle Sparten, ob Western, Springen oder Dressur und ebenso als Fahrpferd f\u00fcr den ambitionierten Freizeitbereich. Es gibt aber sogar Freiberger auf Weltmeisterschaften wie zum Beispiel beim Einsp\u00e4nnerfahren.<\/span><\/span><\/span><\/p>\n<p><span style=\"color: #373737;\"><span style=\"font-family: Helvetica,serif;\"><span style=\"font-size: medium;\">In der Schweiz wird der Freiberger auch noch beim Milit\u00e4r und im Wald als R\u00fcckepferd eingesetzt und so kann man ihn auf Turnieren auch bei Zug- und R\u00fcckepr\u00fcfungen bestaunen. <\/span><\/span><\/span><\/p>\n<p><span style=\"color: #373737;\"><span style=\"font-family: Helvetica,serif;\"><span style=\"font-size: medium;\">3-j\u00e4hrig absolvieren alle Freiberger in der Schweiz einen sogenannten Feldtest, (der langsam auch bei uns in Deutschland eingef\u00fchrt). <\/span><\/span><\/span><\/p>\n<p><span style=\"color: #373737;\"><span style=\"font-family: Helvetica,serif;\"><span style=\"font-size: medium;\">Beim Feldtest erfolgt eine Beurteilung des Exterieurs, ein Test auf die Eignung der jungen Pferde beim Reiten (in allen Gangarten), Fahren (Dressuraufgabe) und ein Verhaltenstest, bei dem bewertet wird, wie die Pferde in \u201egruseligen Situationen\u201c (Baustellenbarken, Regenschirm springt auf, Planen\u2026.) reagieren. Dieser Verhaltenstest kommt urspr\u00fcnglich vom Milit\u00e4r, das auch heute noch Freiberger einsetzt. F\u00fcr sie ist ein zuverl\u00e4ssiges, williges und unerschrockenes Pferd wichtig, weshalb bei der Zucht schon immer dem guten Charakter so eine gro\u00dfe Beachtung geschenkt wurde. Von diesem Zuchtziel profitieren nun die Halter der Freiberger, was ihn vorallem als Familien- und Freizeitpferd so beliebt macht. <\/span><\/span><\/span><a href=\"http:\/\/www.roflexs-fahrteam.de\/wp-content\/uploads\/2012\/03\/IMG_2804b.jpg\"><img loading=\"lazy\" decoding=\"async\" class=\"aligncenter size-medium wp-image-341\" title=\"Freiberger im \nSport\" src=\"http:\/\/www.roflexs-fahrteam.de\/wp-content\/uploads\/2012\/03\/IMG_2804b-300x210.jpg\" alt=\"\" width=\"300\" height=\"210\" srcset=\"http:\/\/www.roflexs-fahrteam.de\/wp-content\/uploads\/2012\/03\/IMG_2804b-300x210.jpg 300w, http:\/\/www.roflexs-fahrteam.de\/wp-content\/uploads\/2012\/03\/IMG_2804b-1024x720.jpg 1024w, http:\/\/www.roflexs-fahrteam.de\/wp-content\/uploads\/2012\/03\/IMG_2804b-426x300.jpg 426w, http:\/\/www.roflexs-fahrteam.de\/wp-content\/uploads\/2012\/03\/IMG_2804b.jpg 1550w\" sizes=\"(max-width: 300px) 100vw, 300px\" \/><\/a><\/p>\n<p><span style=\"color: #373737;\"><span style=\"font-family: Helvetica,serif;\"><span style=\"font-size: medium;\">Direkt nach dem Feldtest werden die meisten Freiberger zum Verkauf angeboten und so k\u00f6nnen Sie an Hand der Beurteilungen sicherlich schon die ersten Veranlagungen ablesen. Auch wenn Sie evtl. heute noch nicht planen Kutsche zu fahren, wer wei\u00df, vielleicht wollen Sie ja in ein paar Jahren anspannen und dann kann Ihr Partner das schon. Mit dem Freiberger als 4-beinigem Partner stehen Ihnen also alle M\u00f6glichkeiten offen.<\/span><\/span><\/span><\/p>\n<p>Hier m\u00f6chte ich gerne noch ein paar &#8222;Typen&#8220; des Freibergers vorstellen.<\/p>\n<p>Im &#8222;Basistyp&#8220; stehend ist zum Beispiel die Stute Dolly *1994 V: Hurrikan; MV: Lustig<a href=\"http:\/\/www.roflexs-fahrteam.de\/wp-content\/uploads\/2012\/03\/Dolly.jpg\"><img loading=\"lazy\" decoding=\"async\" class=\"alignnone size-medium wp-image-361\" title=\"Dolly\" src=\"http:\/\/www.roflexs-fahrteam.de\/wp-content\/uploads\/2012\/03\/Dolly-300x208.jpg\" alt=\"\" width=\"300\" height=\"208\" srcset=\"http:\/\/www.roflexs-fahrteam.de\/wp-content\/uploads\/2012\/03\/Dolly-300x208.jpg 300w, http:\/\/www.roflexs-fahrteam.de\/wp-content\/uploads\/2012\/03\/Dolly-1024x712.jpg 1024w, http:\/\/www.roflexs-fahrteam.de\/wp-content\/uploads\/2012\/03\/Dolly-431x300.jpg 431w, http:\/\/www.roflexs-fahrteam.de\/wp-content\/uploads\/2012\/03\/Dolly.jpg 1500w\" sizes=\"(max-width: 300px) 100vw, 300px\" \/><\/a><\/p>\n<p>oder Sandro *1999 V: Haddaway, MV: Cynar<span><span><span style=\"color: navy; font-family: Verdana,Arial,Helvetica,sans-serif; font-size: x-small;\"><span style=\"color: navy; font-family: Verdana,Arial,Helvetica,sans-serif; font-size: x-small;\"> <a href=\"http:\/\/www.roflexs-fahrteam.de\/wp-content\/uploads\/2012\/03\/Sandro.jpg\"><img loading=\"lazy\" decoding=\"async\" class=\"alignnone size-medium wp-image-362\" title=\"Sandro\" src=\"http:\/\/www.roflexs-fahrteam.de\/wp-content\/uploads\/2012\/03\/Sandro-300x242.jpg\" alt=\"\" width=\"300\" height=\"242\" srcset=\"http:\/\/www.roflexs-fahrteam.de\/wp-content\/uploads\/2012\/03\/Sandro-300x242.jpg 300w, http:\/\/www.roflexs-fahrteam.de\/wp-content\/uploads\/2012\/03\/Sandro-1024x828.jpg 1024w, http:\/\/www.roflexs-fahrteam.de\/wp-content\/uploads\/2012\/03\/Sandro-370x300.jpg 370w\" sizes=\"(max-width: 300px) 100vw, 300px\" \/><\/a><\/span><\/span><\/span><\/span><\/p>\n<p>Zu den &#8222;Vollbl\u00fctern geh\u00f6rt zum Beispiel<\/p>\n<p>Samurai *2002 V: Lambado Boy, MV: Don Pablo <a href=\"http:\/\/www.roflexs-fahrteam.de\/wp-content\/uploads\/2012\/03\/Samurai.jpg\"><img loading=\"lazy\" decoding=\"async\" class=\"alignnone size-medium wp-image-363\" title=\"Samurai\" src=\"http:\/\/www.roflexs-fahrteam.de\/wp-content\/uploads\/2012\/03\/Samurai-300x200.jpg\" alt=\"\" width=\"300\" height=\"200\" srcset=\"http:\/\/www.roflexs-fahrteam.de\/wp-content\/uploads\/2012\/03\/Samurai-300x200.jpg 300w, http:\/\/www.roflexs-fahrteam.de\/wp-content\/uploads\/2012\/03\/Samurai-1024x682.jpg 1024w, http:\/\/www.roflexs-fahrteam.de\/wp-content\/uploads\/2012\/03\/Samurai-450x300.jpg 450w, http:\/\/www.roflexs-fahrteam.de\/wp-content\/uploads\/2012\/03\/Samurai.jpg 1728w\" sizes=\"(max-width: 300px) 100vw, 300px\" \/><\/a><\/p>\n<p>&nbsp;<\/p>\n","protected":false},"excerpt":{"rendered":"<p>Der Freiberger ist die letzte leichte Kaltblutrasse Europas und stammt urspr\u00fcnglich aus dem schweizer Jura, wo er f\u00fcr die Land- und Forstwirtschaft sowie f\u00fcr den Einsatz beim Milit\u00e4r gez\u00fcchtet wurde. Zuchtziel ist ein mittelgro\u00dfes, kompaktes Pferd mit einem Stockma\u00df zwischen &hellip; <a href=\"http:\/\/www.roflexs-fahrteam.de\/?page_id=19\">Weiterlesen <span class=\"meta-nav\">&rarr;<\/span><\/a><\/p>\n","protected":false},"author":1,"featured_media":0,"parent":0,"menu_order":3,"comment_status":"closed","ping_status":"closed","template":"","meta":{"footnotes":""},"_links":{"self":[{"href":"http:\/\/www.roflexs-fahrteam.de\/index.php?rest_route=\/wp\/v2\/pages\/19"}],"collection":[{"href":"http:\/\/www.roflexs-fahrteam.de\/index.php?rest_route=\/wp\/v2\/pages"}],"about":[{"href":"http:\/\/www.roflexs-fahrteam.de\/index.php?rest_route=\/wp\/v2\/types\/page"}],"author":[{"embeddable":true,"href":"http:\/\/www.roflexs-fahrteam.de\/index.php?rest_route=\/wp\/v2\/users\/1"}],"replies":[{"embeddable":true,"href":"http:\/\/www.roflexs-fahrteam.de\/index.php?rest_route=%2Fwp%2Fv2%2Fcomments&post=19"}],"version-history":[{"count":8,"href":"http:\/\/www.roflexs-fahrteam.de\/index.php?rest_route=\/wp\/v2\/pages\/19\/revisions"}],"predecessor-version":[{"id":338,"href":"http:\/\/www.roflexs-fahrteam.de\/index.php?rest_route=\/wp\/v2\/pages\/19\/revisions\/338"}],"wp:attachment":[{"href":"http:\/\/www.roflexs-fahrteam.de\/index.php?rest_route=%2Fwp%2Fv2%2Fmedia&parent=19"}],"curies":[{"name":"wp","href":"https:\/\/api.w.org\/{rel}","templated":true}]}}