{"id":1064,"date":"2014-10-07T13:48:46","date_gmt":"2014-10-07T13:48:46","guid":{"rendered":"http:\/\/www.roflexs-fahrteam.de\/?page_id=1064"},"modified":"2019-02-18T19:33:19","modified_gmt":"2019-02-18T19:33:19","slug":"highway-number-one-vom-lauwilberg","status":"publish","type":"page","link":"http:\/\/www.roflexs-fahrteam.de\/?page_id=1064","title":{"rendered":"Highway Number One vom Lauwilberg (Pupsi) (05.04.12 &#8211; 11.02.19)"},"content":{"rendered":"<h6>Am 05. April 2012 auf dem Lauwilberg in der Schweiz geboren, hat dieser kleine selbstbewusste Mann das Licht der Welt erblickt und kurz nach seiner Geburt unser Herz ber\u00fchrt.<\/h6>\n<h6><a href=\"http:\/\/www.roflexs-fahrteam.de\/wp-content\/uploads\/2014\/10\/1.jpg\"><img loading=\"lazy\" decoding=\"async\" class=\"alignnone wp-image-1065\" src=\"http:\/\/www.roflexs-fahrteam.de\/wp-content\/uploads\/2014\/10\/1-300x198.jpg\" alt=\"Fohlenschau Highway\" width=\"274\" height=\"181\" srcset=\"http:\/\/www.roflexs-fahrteam.de\/wp-content\/uploads\/2014\/10\/1-300x198.jpg 300w, http:\/\/www.roflexs-fahrteam.de\/wp-content\/uploads\/2014\/10\/1.jpg 340w\" sizes=\"(max-width: 274px) 100vw, 274px\" \/><\/a> <a href=\"http:\/\/www.roflexs-fahrteam.de\/wp-content\/uploads\/2014\/10\/2.jpg\"><img loading=\"lazy\" decoding=\"async\" class=\"alignnone wp-image-1066\" src=\"http:\/\/www.roflexs-fahrteam.de\/wp-content\/uploads\/2014\/10\/2-300x210.jpg\" alt=\"Fohlenschau Highway 1\" width=\"274\" height=\"193\" srcset=\"http:\/\/www.roflexs-fahrteam.de\/wp-content\/uploads\/2014\/10\/2-300x210.jpg 300w, http:\/\/www.roflexs-fahrteam.de\/wp-content\/uploads\/2014\/10\/2.jpg 411w\" sizes=\"(max-width: 274px) 100vw, 274px\" \/><\/a><\/h6>\n<h6>Im August auf der Fohlenschau pr\u00e4sentierte er sich sehr sch\u00f6n und erhielt die Noten 7\/7\/8.<\/h6>\n<h6>Seine Mutter ist die Vollschwester von unserem Nicolai. Sie heisst Nougat und ist zwei Jahre \u00e4lter als unser Kr\u00fcmel.<\/h6>\n<h6>Sein Vater ist der nervenstarke, bewegungsstarke Hornet &#8211; 2007 geboren.<\/h6>\n<h6>Aufgewachsen ist er dann im Jura in einer Truppe voller Jungspunte. Dort haben wir ihn 2013 auch besucht und seit Oktober 2014 lebt er nun in der Holsteinischen Schweiz. Im Alter von 5 Jahren bereits in der Klasse S siegreich, wechselte er 2019 zu einer lieben Familie ins M\u00fcnsterland.<\/h6>\n<h6><a href=\"http:\/\/www.roflexs-fahrteam.de\/wp-content\/uploads\/2014\/10\/Hallo.jpg\"><img loading=\"lazy\" decoding=\"async\" class=\"alignnone wp-image-1067\" src=\"http:\/\/www.roflexs-fahrteam.de\/wp-content\/uploads\/2014\/10\/Hallo-300x200.jpg\" alt=\"2,5 j\u00e4hrig\" width=\"274\" height=\"183\" srcset=\"http:\/\/www.roflexs-fahrteam.de\/wp-content\/uploads\/2014\/10\/Hallo-300x200.jpg 300w, http:\/\/www.roflexs-fahrteam.de\/wp-content\/uploads\/2014\/10\/Hallo-448x300.jpg 448w, http:\/\/www.roflexs-fahrteam.de\/wp-content\/uploads\/2014\/10\/Hallo.jpg 1024w\" sizes=\"(max-width: 274px) 100vw, 274px\" \/><\/a> <a href=\"http:\/\/www.roflexs-fahrteam.de\/wp-content\/uploads\/2014\/10\/Highway.jpg\"><img loading=\"lazy\" decoding=\"async\" class=\"alignnone wp-image-1068\" src=\"http:\/\/www.roflexs-fahrteam.de\/wp-content\/uploads\/2014\/10\/Highway-300x200.jpg\" alt=\"Highway\" width=\"274\" height=\"183\" srcset=\"http:\/\/www.roflexs-fahrteam.de\/wp-content\/uploads\/2014\/10\/Highway-300x200.jpg 300w, http:\/\/www.roflexs-fahrteam.de\/wp-content\/uploads\/2014\/10\/Highway-448x300.jpg 448w, http:\/\/www.roflexs-fahrteam.de\/wp-content\/uploads\/2014\/10\/Highway.jpg 1024w\" sizes=\"(max-width: 274px) 100vw, 274px\" \/><\/a><\/h6>\n<h6>Auf der K\u00f6rung in den Holstenhallen von Neum\u00fcnster wurde er Rassesieger im Februar 2015.<\/h6>\n<h6><a href=\"http:\/\/www.roflexs-fahrteam.de\/wp-content\/uploads\/2015\/01\/Rassesieger.jpg\"><img loading=\"lazy\" decoding=\"async\" class=\"alignnone wp-image-1148\" src=\"http:\/\/www.roflexs-fahrteam.de\/wp-content\/uploads\/2015\/01\/Rassesieger-300x203.jpg\" alt=\"SONY DSC\" width=\"274\" height=\"186\" srcset=\"http:\/\/www.roflexs-fahrteam.de\/wp-content\/uploads\/2015\/01\/Rassesieger-300x203.jpg 300w, http:\/\/www.roflexs-fahrteam.de\/wp-content\/uploads\/2015\/01\/Rassesieger-1024x693.jpg 1024w, http:\/\/www.roflexs-fahrteam.de\/wp-content\/uploads\/2015\/01\/Rassesieger-442x300.jpg 442w\" sizes=\"(max-width: 274px) 100vw, 274px\" \/><\/a> <a href=\"http:\/\/www.roflexs-fahrteam.de\/wp-content\/uploads\/2015\/01\/Highway-und-Mutti.jpg\"><img loading=\"lazy\" decoding=\"async\" class=\"alignnone wp-image-1147\" src=\"http:\/\/www.roflexs-fahrteam.de\/wp-content\/uploads\/2015\/01\/Highway-und-Mutti-300x200.jpg\" alt=\"SONY DSC\" width=\"274\" height=\"183\" srcset=\"http:\/\/www.roflexs-fahrteam.de\/wp-content\/uploads\/2015\/01\/Highway-und-Mutti-300x200.jpg 300w, http:\/\/www.roflexs-fahrteam.de\/wp-content\/uploads\/2015\/01\/Highway-und-Mutti-448x300.jpg 448w, http:\/\/www.roflexs-fahrteam.de\/wp-content\/uploads\/2015\/01\/Highway-und-Mutti.jpg 1024w\" sizes=\"(max-width: 274px) 100vw, 274px\" \/><\/a><\/h6>\n","protected":false},"excerpt":{"rendered":"<p>Am 05. April 2012 auf dem Lauwilberg in der Schweiz geboren, hat dieser kleine selbstbewusste Mann das Licht der Welt erblickt und kurz nach seiner Geburt unser Herz ber\u00fchrt. Im August auf der Fohlenschau pr\u00e4sentierte er sich sehr sch\u00f6n und &hellip; <a href=\"http:\/\/www.roflexs-fahrteam.de\/?page_id=1064\">Weiterlesen <span class=\"meta-nav\">&rarr;<\/span><\/a><\/p>\n","protected":false},"author":1,"featured_media":0,"parent":15,"menu_order":0,"comment_status":"closed","ping_status":"closed","template":"","meta":{"footnotes":""},"_links":{"self":[{"href":"http:\/\/www.roflexs-fahrteam.de\/index.php?rest_route=\/wp\/v2\/pages\/1064"}],"collection":[{"href":"http:\/\/www.roflexs-fahrteam.de\/index.php?rest_route=\/wp\/v2\/pages"}],"about":[{"href":"http:\/\/www.roflexs-fahrteam.de\/index.php?rest_route=\/wp\/v2\/types\/page"}],"author":[{"embeddable":true,"href":"http:\/\/www.roflexs-fahrteam.de\/index.php?rest_route=\/wp\/v2\/users\/1"}],"replies":[{"embeddable":true,"href":"http:\/\/www.roflexs-fahrteam.de\/index.php?rest_route=%2Fwp%2Fv2%2Fcomments&post=1064"}],"version-history":[{"count":5,"href":"http:\/\/www.roflexs-fahrteam.de\/index.php?rest_route=\/wp\/v2\/pages\/1064\/revisions"}],"predecessor-version":[{"id":2700,"href":"http:\/\/www.roflexs-fahrteam.de\/index.php?rest_route=\/wp\/v2\/pages\/1064\/revisions\/2700"}],"up":[{"embeddable":true,"href":"http:\/\/www.roflexs-fahrteam.de\/index.php?rest_route=\/wp\/v2\/pages\/15"}],"wp:attachment":[{"href":"http:\/\/www.roflexs-fahrteam.de\/index.php?rest_route=%2Fwp%2Fv2%2Fmedia&parent=1064"}],"curies":[{"name":"wp","href":"https:\/\/api.w.org\/{rel}","templated":true}]}}